{"id":31802,"date":"2024-07-05T12:32:39","date_gmt":"2024-07-05T12:32:39","guid":{"rendered":"https:\/\/basquetsantboi.com\/aviso-legal\/"},"modified":"2025-11-09T09:25:51","modified_gmt":"2025-11-09T09:25:51","slug":"aviso-legal","status":"publish","type":"page","link":"https:\/\/basquetsantboi.com\/es\/aviso-legal\/","title":{"rendered":"Aviso Legal"},"content":{"rendered":"[vc_row type=\u00bbfull_width_background\u00bb full_screen_row_position=\u00bbmiddle\u00bb column_margin=\u00bbdefault\u00bb equal_height=\u00bbyes\u00bb content_placement=\u00bbmiddle\u00bb column_direction=\u00bbdefault\u00bb column_direction_tablet=\u00bbdefault\u00bb column_direction_phone=\u00bbdefault\u00bb bg_color=\u00bb#000000&#8243; bg_image=\u00bb31206&#8243; bg_position=\u00bbright top\u00bb background_image_loading=\u00bbdefault\u00bb bg_repeat=\u00bbno-repeat\u00bb full_height=\u00bbyes\u00bb scene_position=\u00bbcenter\u00bb top_padding=\u00bb0&#8243; constrain_group_1=\u00bbyes\u00bb bottom_padding=\u00bb0&#8243; constrain_group_2=\u00bbyes\u00bb top_padding_tablet=\u00bb0&#8243; constrain_group_3=\u00bbyes\u00bb bottom_padding_tablet=\u00bb0&#8243; top_padding_phone=\u00bb0&#8243; constrain_group_5=\u00bbyes\u00bb bottom_padding_phone=\u00bb0&#8243; top_margin=\u00bb0&#8243; constrain_group_7=\u00bbyes\u00bb bottom_margin=\u00bb0&#8243; top_margin_tablet=\u00bb0&#8243; constrain_group_9=\u00bbyes\u00bb bottom_margin_tablet=\u00bb0&#8243; top_margin_phone=\u00bb0&#8243; constrain_group_11=\u00bbyes\u00bb bottom_margin_phone=\u00bb0&#8243; text_color=\u00bblight\u00bb text_align=\u00bbleft\u00bb row_border_radius=\u00bbnone\u00bb row_border_radius_applies=\u00bbbg\u00bb overflow=\u00bbvisible\u00bb advanced_gradient_angle=\u00bb0&#8243; overlay_strength=\u00bb0.3&#8243; gradient_direction=\u00bbleft_to_right\u00bb shape_divider_position=\u00bbbottom\u00bb bg_image_animation=\u00bbnone\u00bb gradient_type=\u00bbdefault\u00bb shape_type=\u00bb\u00bb][vc_column right_padding_tablet=\u00bb0&#8243; bottom_margin=\u00bb0&#8243; column_element_direction_desktop=\u00bbdefault\u00bb column_element_spacing=\u00bb30px\u00bb desktop_text_alignment=\u00bbdefault\u00bb tablet_text_alignment=\u00bbdefault\u00bb phone_text_alignment=\u00bbdefault\u00bb background_color_opacity=\u00bb1&#8243; background_hover_color_opacity=\u00bb1&#8243; column_backdrop_filter=\u00bbnone\u00bb column_shadow=\u00bbnone\u00bb column_border_radius=\u00bbnone\u00bb column_link_target=\u00bb_self\u00bb column_position=\u00bbstatic\u00bb advanced_gradient_angle=\u00bb0&#8243; gradient_direction=\u00bbleft_to_right\u00bb overlay_strength=\u00bb0.3&#8243; width=\u00bb1\/1&#8243; tablet_width_inherit=\u00bbdefault\u00bb animation_type=\u00bbdefault\u00bb bg_image_animation=\u00bbnone\u00bb border_type=\u00bbsimple\u00bb column_border_width=\u00bbnone\u00bb column_border_style=\u00bbsolid\u00bb gradient_type=\u00bbdefault\u00bb column_padding_type=\u00bbadvanced\u00bb][vc_row_inner column_margin=\u00bbdefault\u00bb column_direction=\u00bbdefault\u00bb column_direction_tablet=\u00bbdefault\u00bb column_direction_phone=\u00bbdefault\u00bb text_align=\u00bbleft\u00bb row_position=\u00bbdefault\u00bb row_position_tablet=\u00bbinherit\u00bb row_position_phone=\u00bbinherit\u00bb overflow=\u00bbvisible\u00bb pointer_events=\u00bball\u00bb][vc_column_inner column_padding=\u00bbno-extra-padding\u00bb column_padding_tablet=\u00bbinherit\u00bb column_padding_phone=\u00bbinherit\u00bb column_padding_position=\u00bball\u00bb column_element_direction_desktop=\u00bbdefault\u00bb column_element_spacing=\u00bbdefault\u00bb desktop_text_alignment=\u00bbdefault\u00bb tablet_text_alignment=\u00bbdefault\u00bb phone_text_alignment=\u00bbdefault\u00bb background_color_opacity=\u00bb1&#8243; background_hover_color_opacity=\u00bb1&#8243; column_backdrop_filter=\u00bbnone\u00bb column_shadow=\u00bbnone\u00bb column_border_radius=\u00bbnone\u00bb column_link_target=\u00bb_self\u00bb overflow=\u00bbvisible\u00bb gradient_direction=\u00bbleft_to_right\u00bb overlay_strength=\u00bb0.3&#8243; width=\u00bb1\/1&#8243; tablet_width_inherit=\u00bbdefault\u00bb animation_type=\u00bbdefault\u00bb bg_image_animation=\u00bbnone\u00bb border_type=\u00bbsimple\u00bb column_border_width=\u00bbnone\u00bb column_border_style=\u00bbsolid\u00bb][divider line_type=\u00bbNo Line\u00bb custom_height=\u00bb130PX\u00bb custom_height_tablet=\u00bb0&#8243; custom_height_phone=\u00bb0&#8243;][\/vc_column_inner][\/vc_row_inner][vc_column_text css_animation=\u00bbfadeIn\u00bb css=\u00bb.vc_custom_1761674311169{margin-bottom: 0px !important;}\u00bb text_direction=\u00bbdefault\u00bb]\n<h1>Aviso Legal<\/h1>\n[\/vc_column_text][\/vc_column][\/vc_row][vc_row type=\u00bbfull_width_background\u00bb full_screen_row_position=\u00bbmiddle\u00bb column_margin=\u00bbdefault\u00bb equal_height=\u00bbyes\u00bb content_placement=\u00bbtop\u00bb column_direction=\u00bbdefault\u00bb column_direction_tablet=\u00bbdefault\u00bb column_direction_phone=\u00bbdefault\u00bb bg_color=\u00bb#FFFFFF\u00bb scene_position=\u00bbcenter\u00bb top_padding=\u00bb10%\u00bb bottom_padding=\u00bb6%\u00bb left_padding_desktop=\u00bb16%\u00bb constrain_group_2=\u00bbyes\u00bb right_padding_desktop=\u00bb16%\u00bb constrain_group_3=\u00bbyes\u00bb left_padding_tablet=\u00bb8%\u00bb constrain_group_4=\u00bbyes\u00bb right_padding_tablet=\u00bb8%\u00bb constrain_group_5=\u00bbyes\u00bb left_padding_phone=\u00bb0&#8243; constrain_group_6=\u00bbyes\u00bb right_padding_phone=\u00bb0&#8243; top_margin=\u00bb0&#8243; constrain_group_7=\u00bbyes\u00bb bottom_margin=\u00bb0&#8243; constrain_group_8=\u00bbyes\u00bb text_color=\u00bbdark\u00bb text_align=\u00bbleft\u00bb row_border_radius=\u00bbnone\u00bb row_border_radius_applies=\u00bbbg\u00bb overflow=\u00bbvisible\u00bb overlay_strength=\u00bb0.3&#8243; gradient_direction=\u00bbleft_to_right\u00bb shape_divider_position=\u00bbbottom\u00bb bg_image_animation=\u00bbnone\u00bb gradient_type=\u00bbdefault\u00bb shape_type=\u00bb\u00bb][vc_column column_padding=\u00bbno-extra-padding\u00bb column_padding_tablet=\u00bbinherit\u00bb column_padding_phone=\u00bbinherit\u00bb column_padding_position=\u00bball\u00bb column_element_direction_desktop=\u00bbdefault\u00bb column_element_spacing=\u00bbdefault\u00bb desktop_text_alignment=\u00bbdefault\u00bb tablet_text_alignment=\u00bbdefault\u00bb phone_text_alignment=\u00bbdefault\u00bb background_color_opacity=\u00bb1&#8243; background_hover_color_opacity=\u00bb1&#8243; column_backdrop_filter=\u00bbnone\u00bb column_shadow=\u00bbnone\u00bb column_border_radius=\u00bbnone\u00bb column_link_target=\u00bb_self\u00bb column_position=\u00bbdefault\u00bb gradient_direction=\u00bbleft_to_right\u00bb overlay_strength=\u00bb0.3&#8243; width=\u00bb1\/1&#8243; tablet_width_inherit=\u00bbdefault\u00bb animation_type=\u00bbdefault\u00bb bg_image_animation=\u00bbnone\u00bb border_type=\u00bbsimple\u00bb column_border_width=\u00bbnone\u00bb column_border_style=\u00bbsolid\u00bb column_padding_type=\u00bbdefault\u00bb gradient_type=\u00bbdefault\u00bb][vc_column_text css=\u00bb\u00bb text_direction=\u00bbdefault\u00bb]\n<div>De acuerdo con lo establecido en el art\u00edculo 10 de la Ley 34\/2002, de 11 de julio, de Servicios de la Sociedad de la Informaci\u00f3n y de Comercio Electr\u00f3nico (LSSI-CE), basquetsantboi.com informa de los siguientes datos:<\/div>\n<h3>1. Datos identificativos<\/h3>\n<p><strong>Club de B\u00e0squet Sant Boi <\/strong>(Titular de la web)<br \/>\nMoss\u00e8n Pere Tarr\u00e9s, 33<br \/>\nPoliesportiu La Parellada<br \/>\nDespatx 2a planta<br \/>\n08830 Sant Boi de Llobregat<br \/>\n627288366<br \/>\nadm.basquetsantboi@gmail.com<\/p>\n<h3>2. Usuarios<\/h3>\n<p>El acceso y\/o uso de este sitio web implica asumir la condici\u00f3n de usuario y la aceptaci\u00f3n total de lo manifestado en este Aviso Legal.<\/p>\n<h3>3. Propiedad intelectual o industrial<\/h3>\n<p>Todos los contenidos de este sitio web, incluidos textos, im\u00e1genes, gr\u00e1ficos o c\u00f3digo fuente, est\u00e1n protegidos por derechos de propiedad intelectual e industrial.<\/p>\n<p>En virtud de lo dispuesto en los art\u00edculos 8 y 32.1, p\u00e1rrafo segundo, de la Ley de Propiedad Intelectual, quedan expresamente prohibidas la reproducci\u00f3n, distribuci\u00f3n y comunicaci\u00f3n p\u00fablica, incluida su modalidad de puesta a disposici\u00f3n, de la totalidad o parte de los contenidos de esta p\u00e1gina web, con fines comerciales, en cualquier soporte y por cualquier medio t\u00e9cnico, sin la autorizaci\u00f3n del titular de este sitio web.<\/p>\n<h3>4. Responsabilidades<\/h3>\n<p><strong>El Club de B\u00e0squet Sant Boi <\/strong>n<strong>o se hace responsable de la informaci\u00f3n y contenidos almacenados en foros, redes sociales o cualquier otro medio<\/strong> que permita a terceros publicar contenidos de forma independiente en la p\u00e1gina web del proveedor.<\/p>\n<p>No obstante, teniendo en cuenta los art\u00edculos 11 y 16 de la LSSI-CE, basquetsantboi.com <strong>se compromete a retirar o, en su caso, bloquear los contenidos que puedan afectar o contravenir la legislaci\u00f3n nacional o internacional,<\/strong> los derechos de terceros o la moral y el orden p\u00fablico.<\/p>\n<p><strong>Tampoco el club se responsabilizar\u00e1 de los da\u00f1os y perjuicios que se produzcan por errores o configuraciones incorrectas del software instalado en el ordenador del internauta.<\/strong> Se excluye toda responsabilidad por cualquier incidencia t\u00e9cnica o error que se produzca cuando el usuario se conecte a Internet. Asimismo, no se garantiza la inexistencia de interrupciones o errores en el acceso al sitio web. <\/p>\n<p>Asimismo, basquetsantboi.com <strong>se reserva el derecho a actualizar, modificar o eliminar la informaci\u00f3n contenida en su p\u00e1gina web<\/strong>, as\u00ed como la configuraci\u00f3n o presentaci\u00f3n de la misma, en cualquier momento sin asumir ninguna responsabilidad.<\/p>\n<h3>5. Normas comunes de uso del sitio web<\/h3>\n<p>El usuario se compromete a hacer un uso del sitio web de acuerdo con las siguientes normas:<\/p>\n<p>No publicar\u00e1 comunicaciones comerciales a trav\u00e9s del sitio web<br \/>\nNo recopilar\u00e1 ning\u00fan contenido o informaci\u00f3n de otros usuarios<br \/>\nNo cargar\u00e1 virus ni c\u00f3digo malicioso de ning\u00fan tipo<br \/>\nNo solicitar\u00e1 informaci\u00f3n de inicio de sesi\u00f3n ni acceder\u00e1 a una cuenta perteneciente a otro usuario<br \/>\nNo molestar\u00e1, intimidar\u00e1 ni acosar\u00e1 a ning\u00fan usuario<br \/>\nNo realizar\u00e1 actos il\u00edcitos, enga\u00f1osos, malintencionados o discriminatorios en el sitio web, de acuerdo con estas condiciones y la normativa jur\u00eddica espa\u00f1ola<br \/>\nNo har\u00e1 nada que pueda poner en peligro la seguridad de la cuenta, especialmente en lo que respecta a la contrase\u00f1a, y comunicar\u00e1 cualquier incidencia relacionada con la contrase\u00f1a, cuenta, vulneraci\u00f3n de la confidencialidad de sus datos o cualquier peligro o amenaza detectada en la seguridad de la informaci\u00f3n <\/p>\n<p>El Titular puede eliminar cualquier contenido o suspender el servicio si, seg\u00fan su propio criterio, se incumple cualquiera de las normas y obligaciones descritas en este Aviso Legal.<\/p>\n<p>Para cualquier consulta o aclaraci\u00f3n sobre estas normas comunitarias en particular o estas condiciones en particular, pueden contactarnos por correo electr\u00f3nico.<\/p>\n<h3>6. Enlaces y limitaci\u00f3n de responsabilidad<\/h3>\n<p>El establecimiento de un hiperenlace no implica en ning\u00fan caso la existencia de relaciones entre el titular y el propietario del sitio web donde se establezca, ni la aceptaci\u00f3n y aprobaci\u00f3n por parte del titular de sus contenidos o servicios. Las personas que deseen establecer un hiperenlace deben solicitar previamente autorizaci\u00f3n por escrito al Titular. En todo caso, el hiperenlace \u00fanicamente permitir\u00e1 el acceso a la p\u00e1gina de inicio de nuestro sitio web, y se deber\u00e1 abstener de hacer manifestaciones o indicaciones falsas, inexactas o incorrectas sobre el Titular, o de incluir contenidos il\u00edcitos, contrarios a las buenas costumbres y al orden p\u00fablico.  <\/p>\n<p>El Titular no se responsabiliza del uso que cada usuario haga de los materiales puestos a disposici\u00f3n en este sitio web ni de las actuaciones que realice sobre la base de los mismos. El contenido del sitio web tiene un car\u00e1cter general y meramente informativo. <\/p>\n<p>El Titular no asumir\u00e1 responsabilidad por el contenido o funcionamiento de sitios web de terceros a los que el usuario de la Tienda pueda acceder mediante cualquier tipo de enlace.<\/p>\n<p>El Titular declina cualquier responsabilidad, en la medida en que lo permita la normativa jur\u00eddica, por los da\u00f1os y perjuicios derivados de la presencia de virus, de las actuaciones de terceros que vulneren derechos de propiedad, al honor, a la intimidad o sobre publicidad il\u00edcita.<\/p>\n<p>Si alg\u00fan usuario o tercero considera que en el sitio web se est\u00e1 cometiendo alg\u00fan il\u00edcito de cualquier tipo, debe enviar una comunicaci\u00f3n al Titular a la direcci\u00f3n de correo electr\u00f3nico que aparece en nuestros datos identificativos. Se deber\u00e1 identificar debidamente, especificando los hechos que denuncia. <\/p>\n<h3>7. Privacidad<\/h3>\n<p>Si en el sitio web se recopilan datos personales, el Titular ser\u00e1 responsable de los mismos y los tratar\u00e1 con absoluta confidencialidad y seguridad. Pueden encontrar m\u00e1s informaci\u00f3n sobre nuestra pol\u00edtica de privacidad y cookies en la p\u00e1gina espec\u00edfica de informaci\u00f3n sobre este asunto. <\/p>\n<h3>8. Legislaci\u00f3n aplicable y Jurisdicci\u00f3n<\/h3>\n<p>La relaci\u00f3n entre el titular del sitio web y el usuario se regir\u00e1 por la normativa espa\u00f1ola vigente, y cualquier controversia se someter\u00e1 a los juzgados y tribunales del municipio donde se encuentra el domicilio social del titular del sitio web.<br \/>\n[\/vc_column_text][\/vc_column][\/vc_row]\n","protected":false},"excerpt":{"rendered":"<p>[vc_row type=\u00bbfull_width_background\u00bb full_screen_row_position=\u00bbmiddle\u00bb column_margin=\u00bbdefault\u00bb equal_height=\u00bbyes\u00bb content_placement=\u00bbmiddle\u00bb column_direction=\u00bbdefault\u00bb column_direction_tablet=\u00bbdefault\u00bb column_direction_phone=\u00bbdefault\u00bb bg_color=\u00bb#000000&#8243; bg_image=\u00bb31206&#8243; bg_position=\u00bbright top\u00bb background_image_loading=\u00bbdefault\u00bb bg_repeat=\u00bbno-repeat\u00bb full_height=\u00bbyes\u00bb scene_position=\u00bbcenter\u00bb top_padding=\u00bb0&#8243; constrain_group_1=\u00bbyes\u00bb bottom_padding=\u00bb0&#8243; constrain_group_2=\u00bbyes\u00bb top_padding_tablet=\u00bb0&#8243; constrain_group_3=\u00bbyes\u00bb bottom_padding_tablet=\u00bb0&#8243; top_padding_phone=\u00bb0&#8243; constrain_group_5=\u00bbyes\u00bb bottom_padding_phone=\u00bb0&#8243; top_margin=\u00bb0&#8243; constrain_group_7=\u00bbyes\u00bb bottom_margin=\u00bb0&#8243;&#8230;<\/p>\n","protected":false},"author":3,"featured_media":0,"parent":0,"menu_order":0,"comment_status":"closed","ping_status":"closed","template":"","meta":{"footnotes":""},"class_list":["post-31802","page","type-page","status-publish"],"aioseo_notices":[],"_links":{"self":[{"href":"https:\/\/basquetsantboi.com\/es\/wp-json\/wp\/v2\/pages\/31802","targetHints":{"allow":["GET"]}}],"collection":[{"href":"https:\/\/basquetsantboi.com\/es\/wp-json\/wp\/v2\/pages"}],"about":[{"href":"https:\/\/basquetsantboi.com\/es\/wp-json\/wp\/v2\/types\/page"}],"author":[{"embeddable":true,"href":"https:\/\/basquetsantboi.com\/es\/wp-json\/wp\/v2\/users\/3"}],"replies":[{"embeddable":true,"href":"https:\/\/basquetsantboi.com\/es\/wp-json\/wp\/v2\/comments?post=31802"}],"version-history":[{"count":2,"href":"https:\/\/basquetsantboi.com\/es\/wp-json\/wp\/v2\/pages\/31802\/revisions"}],"predecessor-version":[{"id":31804,"href":"https:\/\/basquetsantboi.com\/es\/wp-json\/wp\/v2\/pages\/31802\/revisions\/31804"}],"wp:attachment":[{"href":"https:\/\/basquetsantboi.com\/es\/wp-json\/wp\/v2\/media?parent=31802"}],"curies":[{"name":"wp","href":"https:\/\/api.w.org\/{rel}","templated":true}]}}