{"id":31806,"date":"2024-05-24T18:25:20","date_gmt":"2024-05-24T18:25:20","guid":{"rendered":"https:\/\/basquetsantboi.com\/politica-de-cookies\/"},"modified":"2025-11-09T10:22:49","modified_gmt":"2025-11-09T10:22:49","slug":"politica-de-cookies","status":"publish","type":"page","link":"https:\/\/basquetsantboi.com\/es\/politica-de-cookies\/","title":{"rendered":"Pol\u00edtica de Cookies"},"content":{"rendered":"[vc_row type=\u00bbfull_width_background\u00bb full_screen_row_position=\u00bbmiddle\u00bb column_margin=\u00bbdefault\u00bb equal_height=\u00bbyes\u00bb content_placement=\u00bbmiddle\u00bb column_direction=\u00bbdefault\u00bb column_direction_tablet=\u00bbdefault\u00bb column_direction_phone=\u00bbdefault\u00bb bg_color=\u00bb#000000&#8243; bg_image=\u00bb31206&#8243; bg_position=\u00bbright top\u00bb background_image_loading=\u00bbdefault\u00bb bg_repeat=\u00bbno-repeat\u00bb full_height=\u00bbyes\u00bb scene_position=\u00bbcenter\u00bb top_padding=\u00bb0&#8243; constrain_group_1=\u00bbyes\u00bb bottom_padding=\u00bb0&#8243; constrain_group_2=\u00bbyes\u00bb top_padding_tablet=\u00bb0&#8243; constrain_group_3=\u00bbyes\u00bb bottom_padding_tablet=\u00bb0&#8243; top_padding_phone=\u00bb0&#8243; constrain_group_5=\u00bbyes\u00bb bottom_padding_phone=\u00bb0&#8243; top_margin=\u00bb0&#8243; constrain_group_7=\u00bbyes\u00bb bottom_margin=\u00bb0&#8243; top_margin_tablet=\u00bb0&#8243; constrain_group_9=\u00bbyes\u00bb bottom_margin_tablet=\u00bb0&#8243; top_margin_phone=\u00bb0&#8243; constrain_group_11=\u00bbyes\u00bb bottom_margin_phone=\u00bb0&#8243; text_color=\u00bblight\u00bb text_align=\u00bbleft\u00bb row_border_radius=\u00bbnone\u00bb row_border_radius_applies=\u00bbbg\u00bb overflow=\u00bbvisible\u00bb advanced_gradient_angle=\u00bb0&#8243; overlay_strength=\u00bb0.3&#8243; gradient_direction=\u00bbleft_to_right\u00bb shape_divider_position=\u00bbbottom\u00bb bg_image_animation=\u00bbnone\u00bb gradient_type=\u00bbdefault\u00bb shape_type=\u00bb\u00bb][vc_column right_padding_tablet=\u00bb0&#8243; bottom_margin=\u00bb0&#8243; column_element_direction_desktop=\u00bbdefault\u00bb column_element_spacing=\u00bb30px\u00bb desktop_text_alignment=\u00bbdefault\u00bb tablet_text_alignment=\u00bbdefault\u00bb phone_text_alignment=\u00bbdefault\u00bb background_color_opacity=\u00bb1&#8243; background_hover_color_opacity=\u00bb1&#8243; column_backdrop_filter=\u00bbnone\u00bb column_shadow=\u00bbnone\u00bb column_border_radius=\u00bbnone\u00bb column_link_target=\u00bb_self\u00bb column_position=\u00bbstatic\u00bb advanced_gradient_angle=\u00bb0&#8243; gradient_direction=\u00bbleft_to_right\u00bb overlay_strength=\u00bb0.3&#8243; width=\u00bb1\/1&#8243; tablet_width_inherit=\u00bbdefault\u00bb animation_type=\u00bbdefault\u00bb bg_image_animation=\u00bbnone\u00bb border_type=\u00bbsimple\u00bb column_border_width=\u00bbnone\u00bb column_border_style=\u00bbsolid\u00bb gradient_type=\u00bbdefault\u00bb column_padding_type=\u00bbadvanced\u00bb][vc_row_inner column_margin=\u00bbdefault\u00bb column_direction=\u00bbdefault\u00bb column_direction_tablet=\u00bbdefault\u00bb column_direction_phone=\u00bbdefault\u00bb text_align=\u00bbleft\u00bb row_position=\u00bbdefault\u00bb row_position_tablet=\u00bbinherit\u00bb row_position_phone=\u00bbinherit\u00bb overflow=\u00bbvisible\u00bb pointer_events=\u00bball\u00bb][vc_column_inner column_padding=\u00bbno-extra-padding\u00bb column_padding_tablet=\u00bbinherit\u00bb column_padding_phone=\u00bbinherit\u00bb column_padding_position=\u00bball\u00bb column_element_direction_desktop=\u00bbdefault\u00bb column_element_spacing=\u00bbdefault\u00bb desktop_text_alignment=\u00bbdefault\u00bb tablet_text_alignment=\u00bbdefault\u00bb phone_text_alignment=\u00bbdefault\u00bb background_color_opacity=\u00bb1&#8243; background_hover_color_opacity=\u00bb1&#8243; column_backdrop_filter=\u00bbnone\u00bb column_shadow=\u00bbnone\u00bb column_border_radius=\u00bbnone\u00bb column_link_target=\u00bb_self\u00bb overflow=\u00bbvisible\u00bb gradient_direction=\u00bbleft_to_right\u00bb overlay_strength=\u00bb0.3&#8243; width=\u00bb1\/1&#8243; tablet_width_inherit=\u00bbdefault\u00bb animation_type=\u00bbdefault\u00bb bg_image_animation=\u00bbnone\u00bb border_type=\u00bbsimple\u00bb column_border_width=\u00bbnone\u00bb column_border_style=\u00bbsolid\u00bb][divider line_type=\u00bbNo Line\u00bb custom_height=\u00bb130PX\u00bb custom_height_tablet=\u00bb0&#8243; custom_height_phone=\u00bb0&#8243;][\/vc_column_inner][\/vc_row_inner][vc_column_text css_animation=\u00bbfadeIn\u00bb css=\u00bb.vc_custom_1760278696208{margin-bottom: 0px !important;}\u00bb text_direction=\u00bbdefault\u00bb]\n<h1>Pol\u00edtica<br \/>\nde Cookies<\/h1>\n[\/vc_column_text][\/vc_column][\/vc_row][vc_row type=\u00bbfull_width_background\u00bb full_screen_row_position=\u00bbmiddle\u00bb column_margin=\u00bbdefault\u00bb equal_height=\u00bbyes\u00bb content_placement=\u00bbtop\u00bb column_direction=\u00bbdefault\u00bb column_direction_tablet=\u00bbdefault\u00bb column_direction_phone=\u00bbdefault\u00bb bg_color=\u00bb#FFFFFF\u00bb scene_position=\u00bbcenter\u00bb top_padding=\u00bb10%\u00bb constrain_group_1=\u00bbyes\u00bb bottom_padding=\u00bb10%\u00bb left_padding_desktop=\u00bb16%\u00bb constrain_group_2=\u00bbyes\u00bb right_padding_desktop=\u00bb16%\u00bb left_padding_tablet=\u00bb8%\u00bb constrain_group_4=\u00bbyes\u00bb right_padding_tablet=\u00bb8%\u00bb left_padding_phone=\u00bb0&#8243; constrain_group_6=\u00bbyes\u00bb right_padding_phone=\u00bb0&#8243; top_margin=\u00bb0&#8243; constrain_group_7=\u00bbyes\u00bb bottom_margin=\u00bb0&#8243; constrain_group_8=\u00bbyes\u00bb text_color=\u00bbdark\u00bb text_align=\u00bbleft\u00bb row_border_radius=\u00bbnone\u00bb row_border_radius_applies=\u00bbbg\u00bb overflow=\u00bbvisible\u00bb overlay_strength=\u00bb0.3&#8243; gradient_direction=\u00bbleft_to_right\u00bb shape_divider_position=\u00bbbottom\u00bb bg_image_animation=\u00bbnone\u00bb gradient_type=\u00bbdefault\u00bb shape_type=\u00bb\u00bb][vc_column column_padding=\u00bbno-extra-padding\u00bb column_padding_tablet=\u00bbinherit\u00bb column_padding_phone=\u00bbinherit\u00bb column_padding_position=\u00bball\u00bb column_element_direction_desktop=\u00bbdefault\u00bb column_element_spacing=\u00bbdefault\u00bb desktop_text_alignment=\u00bbdefault\u00bb tablet_text_alignment=\u00bbdefault\u00bb phone_text_alignment=\u00bbdefault\u00bb background_color_opacity=\u00bb1&#8243; background_hover_color_opacity=\u00bb1&#8243; column_backdrop_filter=\u00bbnone\u00bb column_shadow=\u00bbnone\u00bb column_border_radius=\u00bbnone\u00bb column_link_target=\u00bb_self\u00bb column_position=\u00bbdefault\u00bb gradient_direction=\u00bbleft_to_right\u00bb overlay_strength=\u00bb0.3&#8243; width=\u00bb1\/1&#8243; tablet_width_inherit=\u00bbdefault\u00bb animation_type=\u00bbdefault\u00bb bg_image_animation=\u00bbnone\u00bb border_type=\u00bbsimple\u00bb column_border_width=\u00bbnone\u00bb column_border_style=\u00bbsolid\u00bb column_padding_type=\u00bbdefault\u00bb gradient_type=\u00bbdefault\u00bb][split_line_heading animation_type=\u00bbline-reveal-by-space\u00bb font_style=\u00bbh2&#8243; text_color=\u00bb#121212&#8243; line_reveal_by_space_text_effect=\u00bbdefault\u00bb content_alignment=\u00bbdefault\u00bb mobile_content_alignment=\u00bbinherit\u00bb link_target=\u00bb_self\u00bb text_content=\u00bbInformaci\u00f3 sobre Cookies\u00bb font_size=\u00bb38px\u00bb text_direction=\u00bbdefault\u00bb][\/split_line_heading][vc_column_text css=\u00bb\u00bb text_direction=\u00bbdefault\u00bb]En cumplimiento de lo establecido por la modificaci\u00f3n de la Ley de Servicios de la Sociedad de la Informaci\u00f3n (LSSICE), seg\u00fan el Real Decreto 13\/2012, es obligatorio obtener el <strong>consentimiento expreso del usuario<\/strong> antes de que se instalen cookies no esenciales en cualquier sitio web.[\/vc_column_text][split_line_heading animation_type=\u00bbline-reveal-by-space\u00bb font_style=\u00bbh2&#8243; text_color=\u00bb#121212&#8243; line_reveal_by_space_text_effect=\u00bbdefault\u00bb content_alignment=\u00bbdefault\u00bb mobile_content_alignment=\u00bbinherit\u00bb link_target=\u00bb_self\u00bb text_content=\u00bbQu\u00e9 son las Cookies?\u00bb font_size=\u00bb38px\u00bb text_direction=\u00bbdefault\u00bb][\/split_line_heading][vc_column_text css=\u00bb\u00bb text_direction=\u00bbdefault\u00bb]\n<p class=\"p1\">Una cookie es un archivo que se descarga en su ordenador al acceder a determinadas p\u00e1ginas web. Las cookies permiten a una p\u00e1gina web, entre otras cosas, almacenar y recuperar informaci\u00f3n sobre los h\u00e1bitos de navegaci\u00f3n de un usuario o de su equipo y, dependiendo de la informaci\u00f3n que contengan y de la manera en que se utilice su equipo, se pueden usar para reconocer al usuario.<\/p>\n[\/vc_column_text][split_line_heading animation_type=\u00bbline-reveal-by-space\u00bb font_style=\u00bbh3&#8243; text_color=\u00bb#121212&#8243; line_reveal_by_space_text_effect=\u00bbdefault\u00bb content_alignment=\u00bbdefault\u00bb mobile_content_alignment=\u00bbinherit\u00bb link_target=\u00bb_self\u00bb text_content=\u00bbTipus de Cookies\u00bb font_size=\u00bb38px\u00bb text_direction=\u00bbdefault\u00bb][\/split_line_heading][vc_column_text css=\u00bb\u00bb text_direction=\u00bbdefault\u00bb]\n<p class=\"p1\">Esta p\u00e1gina web utiliza los siguientes tipos de cookies:<\/p>\n<h4 style=\"font-size: 28px;\"><strong> Seg\u00fan la entidad que las gestione: <\/strong><\/h4>\n<p><strong>Cookies de origen o propias<\/strong>:<br \/>\nSon cookies generadas por la propia p\u00e1gina web que se est\u00e1 visitando.<\/p>\n<p><strong>Cookies de terceros:<\/strong><br \/>\nSon cookies que se reciben al navegar por esta p\u00e1gina web, pero que han sido generadas por un servicio externo alojado en ella. Un ejemplo puede ser la cookie utilizada por un anuncio o banner publicitario presente en la p\u00e1gina web que visitamos. Otro ejemplo puede ser la cookie usada por un contador de visitantes contratado por la p\u00e1gina web que visitamos.<\/p>\n<h4 style=\"font-size: 28px;\"><strong>Seg\u00fan el periodo de tiempo que permanezcan activas:<\/strong><\/h4>\n<p><strong>Cookies de sesi\u00f3n:<\/strong><br \/>\nRecopilan datos mientras el usuario navega por la web con el fin de prestar el servicio solicitado.<\/p>\n<p><strong>Cookies persistents:<br \/>\n<\/strong>Se almacenan en el dispositivo y la informaci\u00f3n obtenida ser\u00e1 utilizada por el responsable de la cookie con el fin de prestar el servicio solicitado.<\/p>\n<h4 style=\"font-size: 28px;\"><strong>Seg\u00fan la finalidad: <\/strong><\/h4>\n<p><strong>Cookies t\u00e9cnicas:<\/strong><br \/>\nTambi\u00e9n se denominan \u201cestrictamente necesarias\u201d. Permiten al usuario la navegaci\u00f3n a trav\u00e9s de una p\u00e1gina web, plataforma o aplicaci\u00f3n y la utilizaci\u00f3n de las diferentes opciones o servicios disponibles, como por ejemplo: controlar el tr\u00e1fico y la comunicaci\u00f3n de datos, identificar la sesi\u00f3n, acceder a secciones de acceso restringido, recordar los elementos que integran un pedido, realizar el proceso de compra de un pedido, solicitar la inscripci\u00f3n o participaci\u00f3n en un evento, y utilizar elementos de seguridad proporcionados a trav\u00e9s de redes sociales.<\/p>\n<p><strong>Cookies de personalizaci\u00f3n:<\/strong><br \/>\nSon aquellas que permiten al usuario acceder al servicio con algunas caracter\u00edsticas de car\u00e1cter general predefinidas en funci\u00f3n de una serie de criterios en el terminal del usuario como por ejemplo serian el idioma o el tipo de navegador a trav\u00e9s del cual se conecta al servicio.<\/p>\n<p><strong>Cookies de an\u00e1lisis:<\/strong><br \/>\nSon aquellas que, tratadas por nosotros o por terceros, nos permiten cuantificar el n\u00famero de usuarios y as\u00ed realizar la medici\u00f3n y el an\u00e1lisis estad\u00edstico del uso que los usuarios hacen del servicio ofrecido. Para ello, se analiza su navegaci\u00f3n en nuestra p\u00e1gina web con el fin de mejorar la oferta de productos o servicios que les ofrecemos.<\/p>\n<p><strong>Cookies publicitarias:<\/strong><br \/>\nSon aquellas que, tratadas por esta web o por terceros, permiten gestionar de la manera m\u00e1s eficaz posible la oferta de los espacios publicitarios presentes en la p\u00e1gina web, adaptando el contenido del anuncio al servicio solicitado o al uso que el usuario haga de nuestra p\u00e1gina web. Para ello, podemos analizar sus h\u00e1bitos de navegaci\u00f3n en Internet y mostrar publicidad relacionada con su perfil de navegaci\u00f3n.<\/p>\n<p><strong>Cookies de publicidad comportamental:<\/strong><br \/>\nSon aquellas que permiten gestionar de la manera m\u00e1s eficaz posible los espacios publicitarios que, en su caso, el editor haya incluido en una p\u00e1gina web, aplicaci\u00f3n o plataforma desde la cual presta el servicio solicitado. Este tipo de cookies almacena informaci\u00f3n sobre el comportamiento de los visitantes obtenida mediante la observaci\u00f3n continuada de sus h\u00e1bitos de navegaci\u00f3n, lo que permite desarrollar un perfil espec\u00edfico para mostrar anuncios publicitarios en funci\u00f3n de dicho comportamiento.[\/vc_column_text][split_line_heading animation_type=\u00bbline-reveal-by-space\u00bb font_style=\u00bbh3&#8243; text_color=\u00bb#121212&#8243; line_reveal_by_space_text_effect=\u00bbdefault\u00bb content_alignment=\u00bbdefault\u00bb mobile_content_alignment=\u00bbinherit\u00bb link_target=\u00bb_self\u00bb text_content=\u00bbQu\u00e8 Cookies utilitza aquesta web?\u00bb font_size=\u00bb38px\u00bb text_direction=\u00bbdefault\u00bb][\/split_line_heading][vc_column_text css=\u00bb\u00bb text_direction=\u00bbdefault\u00bb]\n<p class=\"p1\">basquetsantboi.com utiliza cookies t\u00e9cnicas, de personalizaci\u00f3n y de an\u00e1lisis, propias y de terceros, que en ning\u00fan caso tratan datos de car\u00e1cter personal, pero recopilan h\u00e1bitos de navegaci\u00f3n con fines estad\u00edsticos. En concreto, utilizamos los servicios de Google Analytics para nuestras estad\u00edsticas.<\/p>\n<p class=\"p1\">Nuestro sitio incluye otras funcionalidades proporcionadas por terceros. Usted puede compartir f\u00e1cilmente el contenido en redes sociales como Facebook e Instagram, utilizando los botones que hemos incluido para tal fin.<\/p>\n<p class=\"p1\">Por ello, al acceder a nuestra web, y en cumplimiento del art\u00edculo 22 de la Ley de Servicios de la Sociedad de la Informaci\u00f3n, le hemos solicitado su consentimiento para su uso.<\/p>\n[\/vc_column_text][split_line_heading animation_type=\u00bbline-reveal-by-space\u00bb font_style=\u00bbh3&#8243; text_color=\u00bb#121212&#8243; line_reveal_by_space_text_effect=\u00bbdefault\u00bb content_alignment=\u00bbdefault\u00bb mobile_content_alignment=\u00bbinherit\u00bb link_target=\u00bb_self\u00bb text_content=\u00bbDesactivar las Cookies\u00bb font_size=\u00bb38px\u00bb text_direction=\u00bbdefault\u00bb][\/split_line_heading][vc_column_text css=\u00bb\u00bb text_direction=\u00bbdefault\u00bb]\n<p class=\"p1\">Puede <strong>permitir, bloquear o eliminar las cookies <\/strong>instaladas en su equipo mediante la configuraci\u00f3n de las opciones del navegador instalado en su ordenador.<\/p>\n<p class=\"p1\">La mayor\u00eda de los navegadores web ofrecen la posibilidad de permitir, bloquear o eliminar las cookies instaladas en su equipo.<\/p>\n<p class=\"p1\">A continuaci\u00f3n, puede acceder a la configuraci\u00f3n de los navegadores web m\u00e1s comunes <strong>para aceptar, instalar o desactivar las cookies:<\/strong><\/p>\n<p><a href=\"https:\/\/support.google.com\/chrome\/answer\/95647?hl=es\" target=\"_blank\" rel=\"noopener noreferrer nofollow external\" data-wpel-link=\"external\">Configurar cookies en Google Chrome<\/a><br \/>\n<a href=\"http:\/\/windows.microsoft.com\/es-es\/windows7\/how-to-manage-cookies-in-internet-explorer-9\" target=\"_blank\" rel=\"noopener noreferrer nofollow external\" data-wpel-link=\"external\">Configurar cookies en Microsoft Internet Explorer<\/a><br \/>\n<a href=\"https:\/\/support.mozilla.org\/es\/kb\/habilitar-y-deshabilitar-cookies-sitios-web-rastrear-preferencias?redirectlocale=es&amp;redirectslug=habilitar-y-deshabilitar-cookies-que-los-sitios-we\" target=\"_blank\" rel=\"noopener noreferrer nofollow external\" data-wpel-link=\"external\">Configurar cookies en Mozilla Firefox<\/a><br \/>\n<a href=\"https:\/\/support.apple.com\/es-es\/HT201265\" target=\"_blank\" rel=\"noopener noreferrer nofollow external\" data-wpel-link=\"external\">Configurar cookies en Safari (Apple)<\/a>[\/vc_column_text][split_line_heading animation_type=\u00bbline-reveal-by-space\u00bb font_style=\u00bbh3&#8243; text_color=\u00bb#121212&#8243; line_reveal_by_space_text_effect=\u00bbdefault\u00bb content_alignment=\u00bbdefault\u00bb mobile_content_alignment=\u00bbinherit\u00bb link_target=\u00bb_self\u00bb text_content=\u00bbM\u00e9s informaci\u00f3 sobre les Cookies i la seva pol\u00edtica\u00bb font_size=\u00bb38px\u00bb text_direction=\u00bbdefault\u00bb][\/split_line_heading][vc_column_text css=\u00bb\u00bb text_direction=\u00bbdefault\u00bb]Puedes obtener m\u00e1s informaci\u00f3n sobre las cookies en el siguiente enlace:<br \/>\nhttp:\/\/www.agpd.es\/portalwebAGPD\/canaldocumentacion\/publicaciones\/common\/Guias\/Guia_Cookies.pdf[\/vc_column_text][\/vc_column][\/vc_row]\n","protected":false},"excerpt":{"rendered":"<p>[vc_row type=\u00bbfull_width_background\u00bb full_screen_row_position=\u00bbmiddle\u00bb column_margin=\u00bbdefault\u00bb equal_height=\u00bbyes\u00bb content_placement=\u00bbmiddle\u00bb column_direction=\u00bbdefault\u00bb column_direction_tablet=\u00bbdefault\u00bb column_direction_phone=\u00bbdefault\u00bb bg_color=\u00bb#000000&#8243; bg_image=\u00bb31206&#8243; bg_position=\u00bbright top\u00bb background_image_loading=\u00bbdefault\u00bb bg_repeat=\u00bbno-repeat\u00bb full_height=\u00bbyes\u00bb scene_position=\u00bbcenter\u00bb top_padding=\u00bb0&#8243; constrain_group_1=\u00bbyes\u00bb bottom_padding=\u00bb0&#8243; constrain_group_2=\u00bbyes\u00bb top_padding_tablet=\u00bb0&#8243; constrain_group_3=\u00bbyes\u00bb bottom_padding_tablet=\u00bb0&#8243; top_padding_phone=\u00bb0&#8243; constrain_group_5=\u00bbyes\u00bb bottom_padding_phone=\u00bb0&#8243; top_margin=\u00bb0&#8243; constrain_group_7=\u00bbyes\u00bb bottom_margin=\u00bb0&#8243;&#8230;<\/p>\n","protected":false},"author":3,"featured_media":0,"parent":0,"menu_order":0,"comment_status":"closed","ping_status":"closed","template":"","meta":{"footnotes":""},"class_list":["post-31806","page","type-page","status-publish"],"aioseo_notices":[],"_links":{"self":[{"href":"https:\/\/basquetsantboi.com\/es\/wp-json\/wp\/v2\/pages\/31806","targetHints":{"allow":["GET"]}}],"collection":[{"href":"https:\/\/basquetsantboi.com\/es\/wp-json\/wp\/v2\/pages"}],"about":[{"href":"https:\/\/basquetsantboi.com\/es\/wp-json\/wp\/v2\/types\/page"}],"author":[{"embeddable":true,"href":"https:\/\/basquetsantboi.com\/es\/wp-json\/wp\/v2\/users\/3"}],"replies":[{"embeddable":true,"href":"https:\/\/basquetsantboi.com\/es\/wp-json\/wp\/v2\/comments?post=31806"}],"version-history":[{"count":3,"href":"https:\/\/basquetsantboi.com\/es\/wp-json\/wp\/v2\/pages\/31806\/revisions"}],"predecessor-version":[{"id":31816,"href":"https:\/\/basquetsantboi.com\/es\/wp-json\/wp\/v2\/pages\/31806\/revisions\/31816"}],"wp:attachment":[{"href":"https:\/\/basquetsantboi.com\/es\/wp-json\/wp\/v2\/media?parent=31806"}],"curies":[{"name":"wp","href":"https:\/\/api.w.org\/{rel}","templated":true}]}}